{"id":108,"date":"2018-03-28T09:02:39","date_gmt":"2018-03-28T07:02:39","guid":{"rendered":"http:\/\/www.piw.stalowowolski.pl\/?page_id=108"},"modified":"2026-04-21T06:28:27","modified_gmt":"2026-04-21T04:28:27","slug":"zaklady-lecznicze","status":"publish","type":"page","link":"http:\/\/www.piw.stalowowolski.pl\/index.php\/zaklady-lecznicze\/","title":{"rendered":"Zak\u0142ady lecznicze"},"content":{"rendered":"<p><strong>Zak\u0142ady lecznicze dla zwierz\u0105t Gabinet Weterynaryjny CHEM-VET<\/strong><br \/>\n<strong> lek. wet. Anna Kr\u0119pa<\/strong><br \/>\nul. Brandwicka 7; <span style=\"color: #ff0000;\"><strong>37-464 Stalowa Wola<\/strong><\/span><br \/>\ntel. (15) 844 02 96<br \/>\ngodz. otwarcia: Pon. &#8211; Pt &#8211; 9.00-17.00,\u00a0Sobota &#8211; 8.00-13.00<\/p>\n<p><strong>Przychodnia Weterynaryjna Centrum Ma\u0142ych Zwierz\u0105t \u201eARGOS\u201d<\/strong><br \/>\n<strong> lek. wet. Katarzyna i Maciej Or\u0119ziakowie<\/strong><br \/>\nul. Komisji Edukacji Narodowej 7;\u00a0<strong><span style=\"color: #ff0000;\">37-450 Stalowa Wola<\/span><\/strong><br \/>\ntel. (15) 842 15 28<br \/>\ngodz. otwarcia: Pon. &#8211; Pt &#8211; 9.00-20.00,\u00a0Sobota &#8211; 9.00-15.00,\u00a0Niedz. &#8211; 10.00-12.00<br \/>\nzak\u0142ad pe\u0142ni dy\u017cur ca\u0142odobowy<\/p>\n<p><strong>Gabinet Weterynaryjny Us\u0142ugi Weterynaryjne<\/strong><br \/>\n<strong> lek. wet. Eugeniusz Bartler<\/strong><br \/>\nAntonin\u00f3w 46; <strong><span style=\"color: #ff0000;\">37-455 Radomy\u015bl n\/ Sanem<\/span><\/strong><br \/>\ntel. (15) 845 33 03<br \/>\ngodz. otwarcia:\u00a0Pon. &#8211; Pt &#8211; 7.00-15.00,\u00a0Sobota &#8211; 7.00-12.00<\/p>\n<p><strong>Gabinet Weterynaryjny lek. wet. Bogdan Zieli\u0144ski<\/strong><br \/>\nMajdan Zbydniowski 27;<strong>\u00a0<span style=\"color: #ff0000;\">37-416 Zbydni\u00f3w<\/span><\/strong><br \/>\ntel. (15) 845 85 01, 692754 426<br \/>\ngodz. otwarcia:\u00a0Pon. \u2013 Pt. 8.00-16.00,\u00a0Sobota 8.00-14.00<br \/>\nzak\u0142ad \u015bwiadczy us\u0142ugi ca\u0142odobowe<\/p>\n<p><strong>Przychodnia dla Zwierz\u0105t Firma \u201eKAMA\u201d\u00a0lek. wet. <\/strong><strong>Izabela \u0179r\u00f3d\u0142owska-Macko<\/strong><br \/>\nul. Niez\u0142omnych 68;\u00a0<strong><span style=\"color: #ff0000;\">37-450 Stalowa Wola<\/span><\/strong><br \/>\ntel. (15) 844 16 25<br \/>\ngodz. otwarcia:\u00a0Pon. \u2013 Pt. 9.00-17.00,\u00a0Sobota 9.00-14.00<\/p>\n<p><strong>Przychodnia Weterynaryjna \u201eANVET\u201d<\/strong><br \/>\n<strong>lek. wet. Beata Pawliszyn<\/strong><br \/>\nul. Jana Paw\u0142a II 13\/231; <strong><span style=\"color: #ff0000;\">37-450 Stalowa Wola<\/span><\/strong><br \/>\ntel. 609 416 620<br \/>\ngodz. otwarcia: Pon. \u2013 Pt. 09.00-17.00<\/p>\n<p><strong>Gabinet Weterynaryjny<\/strong><br \/>\n<strong> lek. wet. Anna Siro\u0144<\/strong><br \/>\nul. Zachodnia 15;\u00a0<strong><span style=\"color: #ff0000;\">37-470 Zaklik\u00f3w<\/span><\/strong><br \/>\ntel. 602578 540<br \/>\ngodz. otwarcia: Pon &#8211; Wt. i Czw. &#8211; Pt. 14.00-18.00,\u00a0\u015aroda 8.00-12.00<br \/>\nzak\u0142ad \u015bwiadczy us\u0142ugi ca\u0142odobowe<\/p>\n<p><strong>Gabinet Weterynaryjny Jan So\u0142tyski<\/strong><br \/>\n<strong> Kierownik lek. wet. Monika Kara\u015b<\/strong><br \/>\nul. Zadole 24;\u00a0<strong><span style=\"color: #ff0000;\">37-403 Pysznica<\/span><\/strong><br \/>\ntel. (15) 841 01 24<br \/>\ngodz. otwarcia:\u00a0Pon. \u2013 Pt. 16.00-19.00,\u00a0Sobota 8.00-12.00<\/p>\n<p><strong>Przychodnia Weterynaryjna\u00a0\u201eBENEVENTUM\u201d<\/strong><br \/>\n<strong> lek. wet. Agnieszka Montusiewicz<\/strong><br \/>\nul. Poniatowskiego 80;\u00a0<strong><span style=\"color: #ff0000;\">37-450 Stalowa Wola<\/span><\/strong><br \/>\ntel. (15) 843 22 54<br \/>\ngodz. otwarcia:\u00a0Pon. \u2013 Pt. 10.00-19.00,\u00a0Sobota 8.00-13.00<br \/>\nzak\u0142ad pe\u0142ni dy\u017cur ca\u0142odobowy<\/p>\n<p><strong>Gabinet Weterynaryjny\u00a0\u201eNUKA\u201d<\/strong><br \/>\n<strong> lek. wet. Katarzyna Dziura<\/strong><br \/>\nul. Okulickiego129 C;\u00a0<strong><span style=\"color: #ff0000;\">37-450 Stalowa Wola<\/span><\/strong><br \/>\ntel. (15) 844 43 25<br \/>\ngodz. otwarcia:\u00a0Pon.-Pi\u0105t. 8.30-17.30,\u00a0Sob. 9.00-13.00<\/p>\n","protected":false},"excerpt":{"rendered":"<p>Zak\u0142ady lecznicze dla zwierz\u0105t Gabinet Weterynaryjny CHEM-VET lek. wet. Anna Kr\u0119pa ul. Brandwicka 7; 37-464 Stalowa Wola tel. (15) 844 02 96 godz. otwarcia: Pon. &#8211; Pt &#8211; 9.00-17.00,\u00a0Sobota &#8211; 8.00-13.00 Przychodnia Weterynaryjna Centrum Ma\u0142ych Zwierz\u0105t \u201eARGOS\u201d lek. wet. Katarzyna i Maciej Or\u0119ziakowie ul. Komisji Edukacji Narodowej 7;\u00a037-450 Stalowa Wola\u2026 <a class=\"continue-reading-link\" href=\"http:\/\/www.piw.stalowowolski.pl\/index.php\/zaklady-lecznicze\/\">Wi\u0119cej &#8230; <span class=\"meta-nav\">&rarr; <\/span><\/a><\/p>\n","protected":false},"author":1,"featured_media":0,"parent":0,"menu_order":0,"comment_status":"closed","ping_status":"closed","template":"templates\/template-page-with-intro.php","meta":[],"_links":{"self":[{"href":"http:\/\/www.piw.stalowowolski.pl\/index.php\/wp-json\/wp\/v2\/pages\/108"}],"collection":[{"href":"http:\/\/www.piw.stalowowolski.pl\/index.php\/wp-json\/wp\/v2\/pages"}],"about":[{"href":"http:\/\/www.piw.stalowowolski.pl\/index.php\/wp-json\/wp\/v2\/types\/page"}],"author":[{"embeddable":true,"href":"http:\/\/www.piw.stalowowolski.pl\/index.php\/wp-json\/wp\/v2\/users\/1"}],"replies":[{"embeddable":true,"href":"http:\/\/www.piw.stalowowolski.pl\/index.php\/wp-json\/wp\/v2\/comments?post=108"}],"version-history":[{"count":11,"href":"http:\/\/www.piw.stalowowolski.pl\/index.php\/wp-json\/wp\/v2\/pages\/108\/revisions"}],"predecessor-version":[{"id":619,"href":"http:\/\/www.piw.stalowowolski.pl\/index.php\/wp-json\/wp\/v2\/pages\/108\/revisions\/619"}],"wp:attachment":[{"href":"http:\/\/www.piw.stalowowolski.pl\/index.php\/wp-json\/wp\/v2\/media?parent=108"}],"curies":[{"name":"wp","href":"https:\/\/api.w.org\/{rel}","templated":true}]}}