{"id":40,"date":"2018-03-19T20:37:09","date_gmt":"2018-03-19T19:37:09","guid":{"rendered":"http:\/\/serwer1552104.home.pl\/autoinstalator\/piwstw\/?page_id=40"},"modified":"2024-03-22T07:40:02","modified_gmt":"2024-03-22T06:40:02","slug":"kontakt","status":"publish","type":"page","link":"http:\/\/www.piw.stalowowolski.pl\/index.php\/kontakt\/","title":{"rendered":"Kontakt"},"content":{"rendered":"<p><strong>Powiatowy Inspektorat Weterynarii<br \/>\nw Stalowej Woli<br \/>\nul. Genera\u0142a Leopolda Okulickiego 12<br \/>\n37-450 Stalowa Wola<br \/>\ntel. (+48) 15 844 31 76<\/strong><\/p>\n<p><span style=\"color: #0000ff;\"><strong>mail:\u00a0<\/strong><\/span><br \/>\nstalowawola.piw@wetgiw.gov.pl<\/p>\n<p><span style=\"color: #ff0000;\"><strong>GODZINY PRACY URZ\u0118DU:<\/strong><\/span><br \/>\nponiedzia\u0142ek, \u015broda, czwartek, pi\u0105tek:\u00a0 7.30 \u2013 15.30<br \/>\nwtorek :\u00a0 7.30 &#8211; 18.00<\/p>\n","protected":false},"excerpt":{"rendered":"<p>Powiatowy Inspektorat Weterynarii w Stalowej Woli ul. Genera\u0142a Leopolda Okulickiego 12 37-450 Stalowa Wola tel. (+48) 15 844 31 76 mail:\u00a0 stalowawola.piw@wetgiw.gov.pl GODZINY PRACY URZ\u0118DU: poniedzia\u0142ek, \u015broda, czwartek, pi\u0105tek:\u00a0 7.30 \u2013 15.30 wtorek :\u00a0 7.30 &#8211; 18.00<\/p>\n","protected":false},"author":1,"featured_media":0,"parent":0,"menu_order":0,"comment_status":"closed","ping_status":"closed","template":"","meta":[],"_links":{"self":[{"href":"http:\/\/www.piw.stalowowolski.pl\/index.php\/wp-json\/wp\/v2\/pages\/40"}],"collection":[{"href":"http:\/\/www.piw.stalowowolski.pl\/index.php\/wp-json\/wp\/v2\/pages"}],"about":[{"href":"http:\/\/www.piw.stalowowolski.pl\/index.php\/wp-json\/wp\/v2\/types\/page"}],"author":[{"embeddable":true,"href":"http:\/\/www.piw.stalowowolski.pl\/index.php\/wp-json\/wp\/v2\/users\/1"}],"replies":[{"embeddable":true,"href":"http:\/\/www.piw.stalowowolski.pl\/index.php\/wp-json\/wp\/v2\/comments?post=40"}],"version-history":[{"count":10,"href":"http:\/\/www.piw.stalowowolski.pl\/index.php\/wp-json\/wp\/v2\/pages\/40\/revisions"}],"predecessor-version":[{"id":516,"href":"http:\/\/www.piw.stalowowolski.pl\/index.php\/wp-json\/wp\/v2\/pages\/40\/revisions\/516"}],"wp:attachment":[{"href":"http:\/\/www.piw.stalowowolski.pl\/index.php\/wp-json\/wp\/v2\/media?parent=40"}],"curies":[{"name":"wp","href":"https:\/\/api.w.org\/{rel}","templated":true}]}}